{"id":272,"date":"2016-02-22T03:21:34","date_gmt":"2016-02-22T03:21:34","guid":{"rendered":"http:\/\/notaria31.com.mx\/el-equipo-2\/"},"modified":"2016-03-17T01:01:40","modified_gmt":"2016-03-17T01:01:40","slug":"the-team","status":"publish","type":"page","link":"https:\/\/notaria31.com.mx\/en\/the-team\/","title":{"rendered":"THE TEAM"},"content":{"rendered":"<p>&nbsp;<\/p>\n<div class=\"cols-wrapper cols-2\">\n<div class=\"col\">\n<ul class=\"bullet_arrow4 imglist\">\n<li>Lic. Jos\u00e9 Luis Reyes V\u00e1zquez<br \/>\n<a href=\"mailto:jlreyes@notaria31.com.mx\">jlreyes@notaria31.com.mx<\/a><\/li>\n<li>Lic. Leticia Medina G\u00f3mez<br \/>\n<a href=\"mailto:lmedina@notaria31.com.mx\">lmedina@notaria31.com.mx<\/a><\/li>\n<li>Lic. Azucena De Alba Covarrubias<br \/>\n<a href=\"mailto:adealba@notaria31.com.mx\">adealba@notaria31.com.mx<\/a><\/li>\n<li>Lic. Stephanie Morales Fletes<br \/>\n<a href=\"mailto:smorales@notaria31.com.mx\">smorales@notaria31.com.mx<\/a><\/li>\n<li>\u00c1ngeles Buenrostro<br \/>\n<a href=\"mailto:abuenrostro@notaria31.com.mx\">abuenrostro@notaria31.com.mx<\/a><\/li>\n<\/ul>\n<\/div>\n<div class=\"col nomargin\">\n<ul class=\"bullet_arrow4 imglist\">\n<li>Alejandra Medina Herrera<br \/>\n<a href=\"mailto:amedina@notaria31.com.mx\">amedina@notaria31.com.mx<\/a><\/li>\n<li>Mar\u00eda Luis V\u00e1zquez Real<br \/>\n<a href=\"mailto:mvazquez@notaria31.com.mx\">mvazquez@notaria31.com.mx<\/a><\/li>\n<li>Lic. Zenaida Solorio S\u00e1nchez<br \/>\n<a href=\"mailto:zsolorio@notaria31.com.mx\">zsolorio@notaria31.com.mx<\/a><\/li>\n<li>Denisse Elizabeth P\u00e9rez Mart\u00ednez<br \/>\n<a href=\"mailto:dperez@notaria31.com.mx\">dperez@notaria31.com.mx<\/a><\/li>\n<li>Rodolfo D\u00edaz P\u00e9rez<br \/>\n<a href=\"mailto:rdiaz@notaria31.com.mx\">rdiaz@notaria31.com.mx<\/a><\/li>\n<\/ul>\n<\/div>\n<\/div>\n<p>&nbsp;<\/p>\n","protected":false},"excerpt":{"rendered":"<p>&nbsp; Lic. Jos\u00e9 Luis Reyes V\u00e1zquez jlreyes@notaria31.com.mx Lic. Leticia Medina G\u00f3mez lmedina@notaria31.com.mx Lic. Azucena De Alba Covarrubias adealba@notaria31.com.mx Lic. Stephanie [&hellip;]<\/p>\n","protected":false},"author":2,"featured_media":0,"parent":0,"menu_order":0,"comment_status":"closed","ping_status":"closed","template":"","meta":{"footnotes":""},"class_list":["post-272","page","type-page","status-publish","hentry"],"_links":{"self":[{"href":"https:\/\/notaria31.com.mx\/en\/wp-json\/wp\/v2\/pages\/272","targetHints":{"allow":["GET"]}}],"collection":[{"href":"https:\/\/notaria31.com.mx\/en\/wp-json\/wp\/v2\/pages"}],"about":[{"href":"https:\/\/notaria31.com.mx\/en\/wp-json\/wp\/v2\/types\/page"}],"author":[{"embeddable":true,"href":"https:\/\/notaria31.com.mx\/en\/wp-json\/wp\/v2\/users\/2"}],"replies":[{"embeddable":true,"href":"https:\/\/notaria31.com.mx\/en\/wp-json\/wp\/v2\/comments?post=272"}],"version-history":[{"count":1,"href":"https:\/\/notaria31.com.mx\/en\/wp-json\/wp\/v2\/pages\/272\/revisions"}],"predecessor-version":[{"id":275,"href":"https:\/\/notaria31.com.mx\/en\/wp-json\/wp\/v2\/pages\/272\/revisions\/275"}],"wp:attachment":[{"href":"https:\/\/notaria31.com.mx\/en\/wp-json\/wp\/v2\/media?parent=272"}],"curies":[{"name":"wp","href":"https:\/\/api.w.org\/{rel}","templated":true}]}}