{"id":273,"date":"2016-02-11T01:03:19","date_gmt":"2016-02-11T01:03:19","guid":{"rendered":"http:\/\/notaria31.com.mx\/privacidad-2\/"},"modified":"2016-02-11T01:03:19","modified_gmt":"2016-02-11T01:03:19","slug":"privacidad","status":"publish","type":"page","link":"https:\/\/notaria31.com.mx\/en\/privacidad\/","title":{"rendered":"AVISO DE PRIVACIDAD"},"content":{"rendered":"<p>Este AVISO DE PRIVACIDAD, elaborado para dar cumplimiento a la LEY FEDERAL DE PROTECCI\u00d3N DE DATOS PERSONALES EN POSESI\u00d3N DE LOS PARTICULARES, tiene como fin informarle el tipo de datos personales que recabamos de Usted, c\u00f3mo los usamos, manejamos y aprovechamos y con quien los compartimos.<\/p>\n<h3>1. \u00bfQu\u00e9 datos personales recabamos de usted?<\/h3>\n<p>Como prestatario de alguno de nuestros servicios le podemos solicitar informaci\u00f3n personal, que var\u00eda seg\u00fan el caso, relativa a:<\/p>\n<ul>\n<li>Su nombre, nacionalidad, fecha y lugar de nacimiento, ocupaci\u00f3n y domicilio.<\/li>\n<li>Su direcci\u00f3n de correo electr\u00f3nico y n\u00famero(s) telef\u00f3nico(s).<\/li>\n<li>Sus datos patrimoniales como cuentas bancarias, cr\u00e9ditos, bienes muebles e inmuebles, activos, pasivos, entre otros.<\/li>\n<li>Informaci\u00f3n sobre su c\u00f3nyuge, ascendientes, descendientes, herederos, legatarios y beneficiarios.<\/li>\n<li>Comprobantes oficiales que acrediten su identidad y la informaci\u00f3n que Usted declara, as\u00ed como su RFC y CURP.<\/li>\n<\/ul>\n<h3>2. \u00bfPara qu\u00e9 usamos sus datos personales?<\/h3>\n<p>Esta Notar\u00eda recaba y usa sus datos personales para el cumplimiento de las siguientes finalidades:<\/p>\n<ul>\n<li>Confirmar su identidad.<\/li>\n<li>Entender y atender sus necesidades de car\u00e1cter legal en materia notarial.<\/li>\n<li>Otorgar seguridad y certeza jur\u00eddicas a los hechos y actos que celebra, como pueden ser operaciones traslativas de dominio relativas a compraventas, donaciones, permutas, adjudicaciones por herencia, adjudicaciones por remate, fideicomisos, constituciones de reg\u00edmenes de propiedad en condominio, testamentos, tr\u00e1mites sucesorios, hipotecas, cancelaciones de hipotecas, ratificaciones de firmas, fes de hechos, cotejo de documentos, constituci\u00f3n de sociedades, formalizaci\u00f3n de resoluciones societarias, otorgamiento y revocaci\u00f3n de poderes, entre otros.<\/li>\n<li>Elaborar los instrumentos notariales de su inter\u00e9s.<\/li>\n<li>Brindarle asesor\u00eda legal.<\/li>\n<li>Cumplir con los requerimientos legales que le son aplicables.<\/li>\n<li>Verificar la informaci\u00f3n que nos proporciona.<\/li>\n<li>Dar cumplimiento a las disposiciones relativas en la Ley del Notariado para el Distrito Federal, as\u00ed como en el C\u00f3digo Civil para el Distrito Federal, Ley General de Sociedades Mercantiles y otras disposiciones aplicables.<\/li>\n<\/ul>\n<h3>3. \u00bfCon qui\u00e9n compartimos su informaci\u00f3n y para qu\u00e9 fines?<\/h3>\n<p>Sus datos personales s\u00f3lo son tratados por el personal adscrito a esta Notar\u00eda (y cuando sea procedente, por peritos valuadores) a efecto de elaborar los instrumentos p\u00fablicos notariales que Usted solicita, por lo cual, sus datos personales no se transfieren a ning\u00fan tercero ajeno a ella, salvo para el cumplimiento de obligaciones legales ante las autoridades competentes, ya sean judiciales, administrativas y\/o tributarias, incluyendo los registros p\u00fablicos y archivos notariales.<\/p>\n<h3>4. \u00bfC\u00f3mo puede limitar el uso o divulgaci\u00f3n de su informaci\u00f3n personal?<\/h3>\n<p>Usted puede limitar el uso y divulgaci\u00f3n de la informaci\u00f3n personal que proporcione a esta Notar\u00eda a trav\u00e9s de los siguientes medios que hemos instrumentado:<\/p>\n<ul>\n<li>Presentando su solicitud personalmente en nuestro domicilio dirigida a la persona encargada de la privacidad en esta oficina.<\/li>\n<li>Enviando correo electr\u00f3nico a la siguiente direcci\u00f3n electr\u00f3nica: <a href=\"mailto:lmedina@notaria31.com.mx\">lmedina@notaria31.com.mx<\/a><\/li>\n<li>Llamando al n\u00famero telef\u00f3nico: (322) 29 708 46<\/li>\n<\/ul>\n<h3>5. \u00bfC\u00f3mo acceder, rectificar, cancelar u oponerse al tratamiento de sus datos personales?<\/h3>\n<p>El ejercicio de los derechos de acceso, rectificaci\u00f3n, cancelaci\u00f3n y oposici\u00f3n o la revocaci\u00f3n del consentimiento, podr\u00e1 efectuarse presentado solicitud por los medios antes indicados, en el entendido que una vez plasmados en un instrumento notarial, no podr\u00e1 usted ejercer sobre ellos ninguno de los referidos derechos, pudiendo hacerlo solamente respecto de los que se conservan en la base de datos de la Notar\u00eda, con excepci\u00f3n de la base que constituye el \u00cdndice del protocolo.<\/p>\n<h3>6. \u00bfC\u00f3mo conocer los cambios al presente aviso de privacidad?<\/h3>\n<p>El presente aviso de privacidad puede sufrir modificaciones, cambios o actualizaciones, mismas que podr\u00e1n ser consultadas en nuestra p\u00e1gina de Internet <a href=\"\/?page_id=20\">www.notaria31.com.mx\/privacidad<\/a> o en nuestras oficinas.<\/p>\n<h3>7. \u00bfC\u00f3mo contactarnos?<\/h3>\n<p>Si usted tiene alguna duda sobre el presente aviso de privacidad, puede dirigirla a:<\/p>\n<ul>\n<li>La direcci\u00f3n electr\u00f3nica <a href=\"mailto:lmedina@notaria31.com.mx\">lmedina@notaria31.com.mx<\/a><\/li>\n<li>La direcci\u00f3n de correo postal, dirigida al Licenciado Jos\u00e9 Luis Reyes V\u00e1zquez<\/li>\n<li>Al tel\u00e9fono (322) 29 708 46 Responsable: Jos\u00e9 Luis Reyes V\u00e1zquez, Notario 31 del Nuevo Vallarta Bah\u00eda de Banderas, Nayarit.<\/li>\n<\/ul>\n","protected":false},"excerpt":{"rendered":"<p>Este AVISO DE PRIVACIDAD, elaborado para dar cumplimiento a la LEY FEDERAL DE PROTECCI\u00d3N DE DATOS PERSONALES EN POSESI\u00d3N DE [&hellip;]<\/p>\n","protected":false},"author":2,"featured_media":0,"parent":0,"menu_order":0,"comment_status":"closed","ping_status":"closed","template":"template-full-custom.php","meta":{"footnotes":""},"class_list":["post-273","page","type-page","status-publish","hentry"],"_links":{"self":[{"href":"https:\/\/notaria31.com.mx\/en\/wp-json\/wp\/v2\/pages\/273","targetHints":{"allow":["GET"]}}],"collection":[{"href":"https:\/\/notaria31.com.mx\/en\/wp-json\/wp\/v2\/pages"}],"about":[{"href":"https:\/\/notaria31.com.mx\/en\/wp-json\/wp\/v2\/types\/page"}],"author":[{"embeddable":true,"href":"https:\/\/notaria31.com.mx\/en\/wp-json\/wp\/v2\/users\/2"}],"replies":[{"embeddable":true,"href":"https:\/\/notaria31.com.mx\/en\/wp-json\/wp\/v2\/comments?post=273"}],"version-history":[{"count":0,"href":"https:\/\/notaria31.com.mx\/en\/wp-json\/wp\/v2\/pages\/273\/revisions"}],"wp:attachment":[{"href":"https:\/\/notaria31.com.mx\/en\/wp-json\/wp\/v2\/media?parent=273"}],"curies":[{"name":"wp","href":"https:\/\/api.w.org\/{rel}","templated":true}]}}